{"id":12,"date":"2019-07-22T14:14:54","date_gmt":"2019-07-22T12:14:54","guid":{"rendered":"https:\/\/apemig.li\/?page_id=12"},"modified":"2019-08-01T12:16:44","modified_gmt":"2019-08-01T10:16:44","slug":"impressum","status":"publish","type":"page","link":"https:\/\/apemig.li\/?page_id=12","title":{"rendered":"Impressum"},"content":{"rendered":"\n<p>APEMIG Anstalt<br>Treuhand<br>Birkenweg 6<br>FL-9496 Vaduz<br><br>Gesch\u00e4ftsleitung:<br><strong>Eugen Gst\u00f6hl<\/strong><br>E-Mail: <em>eugen.gstoehl@apemig.li<\/em><br><strong>Anton Gst\u00f6hl<\/strong><br>E-Mail: <em>anton.gstoehl@apemig.li<\/em><br><br>Sekretariat:<br><strong>Susanne B\u00fcchel<\/strong><br>E-Mail: <em>susanne.buechel@apemig.li<\/em><br><br>Tel.: +423 236 12 00<br><br>Handelsregister-Nr:  FL-0001.042.660-1<\/p>\n\n\n\n<h4> <strong>Gefahr und Verantwortung<\/strong> <\/h4>\n\n\n\n<p> Die APEMIG Anstalt unternimmt alle Anstrengungen, um einen sicheren Betrieb  ihrer Internetseite zu gew\u00e4hrleisten. Dennoch k\u00f6nnen M\u00e4ngel, wie z.B.  Verlust oder Verf\u00e4lschung von Daten, Virenbefall, Betriebsunterbruch,  etc., nicht ausgeschlossen werden. Der Zugriff auf diese Internetseite  erfolgt deshalb auf eigene Gefahr und in eigener Verantwortung. <\/p>\n\n\n\n<h4> <strong>Haftungsausschluss<\/strong> <\/h4>\n\n\n\n<p> Die APEMIG Anstalt lehnt jede Haftung f\u00fcr Sch\u00e4den oder Folgesch\u00e4den ab, die  sich aus dem Zugriff auf ihre Internetseite oder auf einzelne Teile  davon (wie z.B. heruntergeladene Dokumente), deren Benutzung (oder aus  der Unm\u00f6glichkeit des Zugriffs oder der Benutzung) oder Links auf andere  Internetseiten ergeben. <\/p>\n\n\n\n<h4> <strong>Gew\u00e4hrleistungsausschluss<\/strong> <\/h4>\n\n\n\n<p> Die APEMIG Anstalt \u00fcbernimmt keine Gew\u00e4hr f\u00fcr die Aktualit\u00e4t, die Richtigkeit,  die Vollst\u00e4ndigkeit und die Qualit\u00e4t der bereit gestellten  Informationen. Haftungsanspr\u00fcche gegen die  APEMIG Anstalt , die sich auf Sch\u00e4den  materieller oder ideeller Art beziehen, welche durch die Nutzung der  bereitgestellten Informationen verursacht wurden, sind grunds\u00e4tzlich  ausgeschlossen. Die  APEMIG Anstalt  beh\u00e4lt sich ausdr\u00fccklich vor, Teile der  Seiten oder das gesamte Angebot ihrer Internetseite ohne gesonderte  Ank\u00fcndigung zu ver\u00e4ndern, zu erg\u00e4nzen oder zu l\u00f6schen. <\/p>\n\n\n\n<h4>Links<\/h4>\n\n\n\n<p> Diese Internetseite enth\u00e4lt zum Teil Links, d.h. Verkn\u00fcpfungen zu  Internetseiten von Dritten. Die APEMIG Anstalt \u00fcbernimmt f\u00fcr deren Inhalt, f\u00fcr  die darauf angebotenen Produkte, Dienstleistungen oder sonstigen  Angebote sowie f\u00fcr die Einhaltung der datenschutzrechtlichen  Bestimmungen keine Verantwortung. Die Aktivierung eines Links erfolgt  auf eigene Verantwortung. <\/p>\n","protected":false},"excerpt":{"rendered":"<p>APEMIG AnstaltTreuhandBirkenweg 6FL-9496 Vaduz Gesch\u00e4ftsleitung:Eugen Gst\u00f6hlE-Mail: eugen.gstoehl@apemig.liAnton Gst\u00f6hlE-Mail: anton.gstoehl@apemig.li Sekretariat:Susanne B\u00fcchelE-Mail: susanne.buechel@apemig.li Tel.: +423 236 12 00 Handelsregister-Nr: FL-0001.042.660-1 Gefahr und Verantwortung Die APEMIG Anstalt unternimmt alle Anstrengungen, um einen sicheren Betrieb ihrer Internetseite zu gew\u00e4hrleisten. Dennoch k\u00f6nnen M\u00e4ngel, wie z.B. Verlust oder Verf\u00e4lschung von Daten, Virenbefall, Betriebsunterbruch, etc., nicht ausgeschlossen werden. Der Zugriff auf &hellip; <\/p>\n<p class=\"link-more\"><a href=\"https:\/\/apemig.li\/?page_id=12\" class=\"more-link\"><span class=\"screen-reader-text\">\u201eImpressum\u201c<\/span> weiterlesen<\/a><\/p>\n","protected":false},"author":1,"featured_media":0,"parent":0,"menu_order":0,"comment_status":"closed","ping_status":"closed","template":"","meta":[],"_links":{"self":[{"href":"https:\/\/apemig.li\/index.php?rest_route=\/wp\/v2\/pages\/12"}],"collection":[{"href":"https:\/\/apemig.li\/index.php?rest_route=\/wp\/v2\/pages"}],"about":[{"href":"https:\/\/apemig.li\/index.php?rest_route=\/wp\/v2\/types\/page"}],"author":[{"embeddable":true,"href":"https:\/\/apemig.li\/index.php?rest_route=\/wp\/v2\/users\/1"}],"replies":[{"embeddable":true,"href":"https:\/\/apemig.li\/index.php?rest_route=%2Fwp%2Fv2%2Fcomments&post=12"}],"version-history":[{"count":8,"href":"https:\/\/apemig.li\/index.php?rest_route=\/wp\/v2\/pages\/12\/revisions"}],"predecessor-version":[{"id":48,"href":"https:\/\/apemig.li\/index.php?rest_route=\/wp\/v2\/pages\/12\/revisions\/48"}],"wp:attachment":[{"href":"https:\/\/apemig.li\/index.php?rest_route=%2Fwp%2Fv2%2Fmedia&parent=12"}],"curies":[{"name":"wp","href":"https:\/\/api.w.org\/{rel}","templated":true}]}}