{"id":4,"date":"2019-07-22T11:37:58","date_gmt":"2019-07-22T11:37:58","guid":{"rendered":"https:\/\/apemig.li\/?page_id=4"},"modified":"2019-11-19T09:31:01","modified_gmt":"2019-11-19T07:31:01","slug":"datenschutzerklaerung-fuer-webseiten-besucher","status":"publish","type":"page","link":"https:\/\/apemig.li\/?page_id=4","title":{"rendered":"Datenschutzerkl\u00e4rung"},"content":{"rendered":"\n<h3>Allgemeines zur Datenverarbeitung<\/h3>\n\n\n\n<h4>Umfang der Verarbeitung personenbezogener Daten<\/h4>\n\n\n\n<p>Unsere Verarbeitung personenbezogener Daten unserer Nutzer beschr\u00e4nkt sich auf jene Daten, die zur Bereitstellung einer funktionsf\u00e4higen Internetseite sowie unserer Inhalte und Leistungen erforderlich sind. Die Verarbeitung personenbezogener Daten unserer Nutzer erfolgt nur zu den mit ihnen vereinbarten Zwecken oder wenn eine sonstige rechtliche Grundlage (im Sinn der DSGVO) vorliegt. Es werden nur solche personenbezogenen Daten erhoben, die f\u00fcr die Durchf\u00fchrung und Abwicklung unserer Aufgaben und Leistungen tats\u00e4chlich erforderlich sind oder die Sie uns freiwillig zur Verf\u00fcgung gestellt haben.<\/p>\n\n\n\n<h4>Ihre Rechte (Betroffenenrechte)<\/h4>\n\n\n\n<p>Sie haben das Recht, Auskunft \u00fcber Ihre von uns verarbeiteten personenbezogenen Daten zu verlangen. Insbesondere k\u00f6nnen Sie Auskunft \u00fcber die Verarbeitungszwecke, die Kategorien der personenbezogenen Daten, die Kategorien von Empf\u00e4ngern, gegen\u00fcber denen Ihre Daten offengelegt wurden oder werden, die geplante Speicherdauer, das Bestehen eines Rechts auf Berichtigung, L\u00f6schung, Einschr\u00e4nkung der Verarbeitung oder Widerspruch, Daten\u00fcbertragung (sofern im Fall der Daten\u00fcbertragung nicht ein unverh\u00e4ltnism\u00e4ssiger Aufwand verursacht wird), die Herkunft Ihrer Daten, sofern diese nicht bei uns erhoben wurden, sowie \u00fcber das Bestehen einer automatisierten Entscheidungsfindung einschliesslich Profiling verlangen. Sie haben auch das Recht, eine allenfalls erteilte Einwilligung zur Nutzung Ihrer personenbezogenen Daten jederzeit zu widerrufen. Sofern Sie der Auffassung sind, dass die Verarbeitung Ihrer personenbezogenen Daten durch uns im Widerspruch zu den geltenden Datenschutzbestimmungen steht, haben Sie die M\u00f6glichkeit, sich bei der Datenschutzstelle zu beschweren.<\/p>\n\n\n\n<h3>Beschreibung und Umfang der Datenverarbeitung<\/h3>\n\n\n\n<h4>Bereitstellung der Website<\/h4>\n\n\n\n<p>Wir f\u00fchren auf unserer Internetseite eigene Webanalysen durch, aber wir verwenden kein Webanalyse-Tool (wie z. B. Google Analytics).  Bei jedem Aufruf unserer Internetseite erfasst unser System automatisiert Daten und Informationen vom Computersystem des aufrufenden Rechners. <\/p>\n\n\n\n<p>Folgende Daten werden hierbei erhoben: <\/p>\n\n\n\n<ul><li> Information \u00fcber den Browsertyp und verwendete Version<\/li><li> verwendetes Betriebssystem<\/li><li> Verweis-URL (die zuvor besuchte Webseite)<\/li><li> Hostname des zugreifenden Rechners (IP-Adresse)<\/li><li> Datum und Uhrzeit der Serveranfrage<\/li><li> \u00fcbertragene Datenmenge<\/li><li> Meldung \u00fcber erfolgreichen Abruf<\/li><\/ul>\n\n\n\n<p>Diese Informationen speichern wir \u00fcber einen Zeitraum von maximal 6 Monaten. Die Speicherung erfolgt aus Gr\u00fcnden der Datensicherheit, um die Stabilit\u00e4t und die Betriebssicherheit unseres Systems zu gew\u00e4hrleisten. Die Daten werden intern f\u00fcr forensische Untersuchungen bei Hackangriffen oder f\u00fcr andere sicherheitstechnisch relevanten Analysen verwendet. Dadurch garantieren wir die Sicherheit Ihrer Daten auf unseren Systemen und stellen sicher, dass in Verdachtsf\u00e4llen schnell Gegenmassnahmen zur Wahrung Ihrer Daten ergriffen werden. Ansonsten erfolgt keine Auswertung der zuvor erw\u00e4hnten Besucher- und Nutzungsdaten.<\/p>\n\n\n\n<h4>Cookies<\/h4>\n\n\n\n<p>Wir verwenden auf unserer Website Cookies, um damit unser Angebot nutzerfreundlich zu gestalten. Cookies sind kleine Dateien, die Ihr Browser automatisch erstellt und die auf Ihrem Endger\u00e4t (Laptop, Tablet, Smartphone etc.) gespeichert werden, wenn Sie unsere Seite besuchen. Die Cookies bleiben so lange gespeichert, bis Sie diese l\u00f6schen. Dadurch k\u00f6nnen wir Ihren Browser beim n\u00e4chsten Besuch wiedererkennen. Sollten Sie dies nicht w\u00fcnschen, k\u00f6nnen Sie Ihren Browser so einrichten, dass er Sie \u00fcber das Setzen von Cookies informiert und Sie diese im Einzelfall erlauben. Wir weisen Sie allerdings darauf hin, dass eine Deaktivierung dazu f\u00fchrt, dass Sie nicht alle Funktionen unserer Website nutzen k\u00f6nnen. Rechtsgrundlage f\u00fcr die durch Cookies verarbeiteten Daten ist Art. 6 Abs. 1 S. 1 lit. f DSGVO.<\/p>\n\n\n\n<h4>Kontaktformular<\/h4>\n\n\n\n<p>F\u00fcllen Sie ein Kontaktformular aus oder senden Sie uns eine E-Mail oder eine sonstige elektronische Nachricht, werden Ihre Angaben nur f\u00fcr die Bearbeitung der Anfrage, m\u00f6gliche damit zusammenh\u00e4ngende weitere Fragen, gespeichert und nur im Rahmen der Anfrage verwendet. Rechtsgrundlage f\u00fcr die Bearbeitung Ihrer Anfrage ist Art. 6 Abs. 1 S. 1 lit. b DSGVO. Wir werden Ihre E-Mail-Adresse nach Erledigung Ihrer Anfrage l\u00f6schen.<\/p>\n\n\n\n<h4>Dateidownloads<\/h4>\n\n\n\n<p>Wir verlangen von Ihnen keine pers\u00f6nlichen Angaben, damit Sie Dateien von unserer Internetseite herunterladen k\u00f6nnen.<\/p>\n\n\n\n<h4>Social Plugins<\/h4>\n\n\n\n<p>Alle eingebundenen Social-Plugins funktionieren \u00fcber das 2-Klick-Verfahren; das heisst, dass das Aufzeichnen Ihres Surfverhaltens durch ein Plugin erst dann startet, wenn Sie das entsprechende Plugin durch Anklicken \u00fcberhaupt erst aktivieren. Falls Sie gleichzeitig mit dem Besuch unserer Internetseite bspw. auch mit Ihrem Facebook-Konto angemeldet sind, registriert Facebook den Seitenbesuch nach der Aktivierung des Plugins (erster Klick) und kann diesen Besuch Ihrem Benutzerkonto zuordnen.<\/p>\n\n\n\n<h4>Datensicherheit<\/h4>\n\n\n\n<p>Wir verwenden innerhalb des Website-Besuchs das verbreitete SSL-Verfahren in Verbindung mit der jeweils h\u00f6chsten Verschl\u00fcsselungsstufe, die von Ihrem Browser unterst\u00fctzt wird. Ob eine einzelne Seite unseres Internetauftrittes verschl\u00fcsselt \u00fcbertragen wird, erkennen Sie an der geschlossenen Darstellung des Schl\u00fcssel- beziehungsweise Schloss-Symbols in der Adressleiste Ihres Browsers. Dar\u00fcber hinaus wenden wir weitere geeignete technische und organisatorische Sicherheitsmassnahmen an, um Ihre Daten gegen zuf\u00e4llige oder vors\u00e4tzliche Manipulationen, teilweisen oder vollst\u00e4ndigen Verlust, Zerst\u00f6rung oder gegen den unbefugten Zugriff Dritter zu sch\u00fctzen. Unsere Sicherheitsmassnahmen werden entsprechend der technologischen Entwicklung fortlaufend verbessert.<\/p>\n","protected":false},"excerpt":{"rendered":"<p>Allgemeines zur Datenverarbeitung Umfang der Verarbeitung personenbezogener Daten Unsere Verarbeitung personenbezogener Daten unserer Nutzer beschr\u00e4nkt sich auf jene Daten, die zur Bereitstellung einer funktionsf\u00e4higen Internetseite sowie unserer Inhalte und Leistungen erforderlich sind. Die Verarbeitung personenbezogener Daten unserer Nutzer erfolgt nur zu den mit ihnen vereinbarten Zwecken oder wenn eine sonstige rechtliche Grundlage (im Sinn der &hellip; <\/p>\n<p class=\"link-more\"><a href=\"https:\/\/apemig.li\/?page_id=4\" class=\"more-link\"><span class=\"screen-reader-text\">\u201eDatenschutzerkl\u00e4rung\u201c<\/span> weiterlesen<\/a><\/p>\n","protected":false},"author":1,"featured_media":0,"parent":0,"menu_order":0,"comment_status":"closed","ping_status":"closed","template":"","meta":[],"_links":{"self":[{"href":"https:\/\/apemig.li\/index.php?rest_route=\/wp\/v2\/pages\/4"}],"collection":[{"href":"https:\/\/apemig.li\/index.php?rest_route=\/wp\/v2\/pages"}],"about":[{"href":"https:\/\/apemig.li\/index.php?rest_route=\/wp\/v2\/types\/page"}],"author":[{"embeddable":true,"href":"https:\/\/apemig.li\/index.php?rest_route=\/wp\/v2\/users\/1"}],"replies":[{"embeddable":true,"href":"https:\/\/apemig.li\/index.php?rest_route=%2Fwp%2Fv2%2Fcomments&post=4"}],"version-history":[{"count":7,"href":"https:\/\/apemig.li\/index.php?rest_route=\/wp\/v2\/pages\/4\/revisions"}],"predecessor-version":[{"id":63,"href":"https:\/\/apemig.li\/index.php?rest_route=\/wp\/v2\/pages\/4\/revisions\/63"}],"wp:attachment":[{"href":"https:\/\/apemig.li\/index.php?rest_route=%2Fwp%2Fv2%2Fmedia&parent=4"}],"curies":[{"name":"wp","href":"https:\/\/api.w.org\/{rel}","templated":true}]}}