{"id":43,"date":"2019-08-01T11:26:57","date_gmt":"2019-08-01T09:26:57","guid":{"rendered":"https:\/\/apemig.li\/?page_id=43"},"modified":"2019-11-19T09:34:55","modified_gmt":"2019-11-19T07:34:55","slug":"datenschutzerklaerung-fuer-klienten","status":"publish","type":"page","link":"https:\/\/apemig.li\/?page_id=43","title":{"rendered":"Datenschutzerkl\u00e4rung f\u00fcr Klienten"},"content":{"rendered":"\n<h3>Allgemeines zur Datenverarbeitung<\/h3>\n\n\n\n<h4>Umfang der Verarbeitung personenbezogener Daten<\/h4>\n\n\n\n<p>Unsere Verarbeitung personenbezogener Daten unserer Nutzer beschr\u00e4nkt sich auf jene Daten, die zur Bereitstellung einer funktionsf\u00e4higen Internetseite sowie unserer Inhalte und Leistungen erforderlich sind. Die Verarbeitung personenbezogener Daten unserer Nutzer erfolgt nur zu den mit ihnen vereinbarten Zwecken oder wenn eine sonstige rechtliche Grundlage (im Sinn der DSGVO) vorliegt. Es werden nur solche personenbezogenen Daten erhoben, die f\u00fcr die Durchf\u00fchrung und Abwicklung unserer Aufgaben und Leistungen tats\u00e4chlich erforderlich sind oder die Sie uns freiwillig zur Verf\u00fcgung gestellt haben.<\/p>\n\n\n\n<h4>Ihre Rechte (Betroffenenrechte)<\/h4>\n\n\n\n<p>Sie haben das Recht, Auskunft \u00fcber Ihre von uns verarbeiteten personenbezogenen Daten zu verlangen. Insbesondere k\u00f6nnen Sie Auskunft \u00fcber die Verarbeitungszwecke, die Kategorien der personenbezogenen Daten, die Kategorien von Empf\u00e4ngern, gegen\u00fcber denen Ihre Daten offengelegt wurden oder werden, die geplante Speicherdauer, das Bestehen eines Rechts auf Berichtigung, L\u00f6schung, Einschr\u00e4nkung der Verarbeitung oder Widerspruch, Daten\u00fcbertragung (sofern im Fall der Daten\u00fcbertragung nicht ein unverh\u00e4ltnism\u00e4ssiger Aufwand verursacht wird), die Herkunft Ihrer Daten, sofern diese nicht bei uns erhoben wurden, sowie \u00fcber das Bestehen einer automatisierten Entscheidungsfindung einschliesslich Profiling verlangen. Sie haben auch das Recht, eine allenfalls erteilte Einwilligung zur Nutzung Ihrer personenbezogenen Daten jederzeit zu widerrufen. Sofern Sie der Auffassung sind, dass die Verarbeitung Ihrer personenbezogenen Daten durch uns im Widerspruch zu den geltenden Datenschutzbestimmungen steht, haben Sie die M\u00f6glichkeit, sich bei der Datenschutzstelle zu beschweren.<\/p>\n\n\n\n<h3>Beschreibung und Umfang der Datenverarbeitung<\/h3>\n\n\n\n<h4>Zwecke der Datenverarbeitung<\/h4>\n\n\n\n<p>Wir  verarbeiten personenbezogene Daten von unseren Klienten f\u00fcr folgende Zwecke:<\/p>\n\n\n\n<ul><li>T\u00e4tigkeiten nach Art. 2 Treuh\u00e4ndergesetz i.V.m. Personen- und Gesellschaftsrecht, insbesondere:<ul><li>Mandatsverwaltung (inkl. Rechtstr\u00e4gerverwaltung)<\/li><li>Revisionsstellenfunktion (pr\u00fcferische Durchsicht, Review)<\/li><li>Erf\u00fcllung der gesetzlichen Buchf\u00fchrungspflichten<\/li><li>Schriftverkehr<\/li><\/ul><\/li><li>Erf\u00fcllung gesetzlicher Pflichten, insbesondere:<ul><li> Personen- und Gesellschaftsrecht, Treuh\u00e4ndergesetz, Sorgfaltspflichtrecht, Steuergesetze und -abkommen<\/li><\/ul><\/li><\/ul>\n\n\n\n<h4>Datenkategorien<\/h4>\n\n\n\n<p> In unseren Datenverzeichnissen werden zur Erf\u00fcllung unserer T\u00e4tigkeiten  im Umfang der unter Ziffer&nbsp;1 angef\u00fchrten Zwecke folgende Datenkategorien  nach Art. 4 Nr. 1 DSGVO verarbeitet:<\/p>\n\n\n\n<figure class=\"wp-block-table aligncenter\"><table class=\"\"><tbody><tr><td>Klienten- und Adressdaten<\/td><td>Name, Firma, Geburtsdatum, Privat- und\/oder Gesch\u00e4ftsadresse, Nationalit\u00e4t, Beruf, Telefonnummer, Emailadresse<\/td><td>z.B. externe Dienstleister (etwa Banken, Verm\u00f6gensverwalter und \u00f6ffentliche Stellen (z.B. Aufsichts- oder Steuerbeh\u00f6rden)<\/td><\/tr><tr><td>Legitimationsdaten<\/td><td>Identifikationsdokumente, u.a. Pass- oder Ausweiskopien, Utility bills, Steuernummern, Steuerbeurkunden; Authentifikationsdaten, u.a. Unterschriftenproben<\/td><td><\/td><\/tr><tr><td>Sorgfaltsplichtdokumente<\/td><td>u.a. Vertragspartner, Identifikation der wirtschaftlich Berechtigten, Profil der Gesch\u00e4ftsbeziehung mit Informationen \u00fcber den beruflichen und pers\u00f6nlichen Hintergrund (z.B. Beruf und Hobbies), World-Check-Daten, Abkl\u00e4rungen nach SPG<\/td><td><\/td><\/tr><tr><td>Mandatsinformationen<\/td><td>u.a. Gesellschaftsdokumente, Bankunterlagen, Korrespondenz, SPG-Unterlagen, Steuerdaten, Organbeschl\u00fcsse<\/td><td><\/td><\/tr><tr><td>Buchf\u00fchrungsdaten<\/td><td>Transaktions- und Buchungsinformationen<\/td><td><\/td><\/tr><tr><td>Korrespondenz<\/td><td>Klientenauftr\u00e4ge, Allgemeines<\/td><td><\/td><\/tr><tr><td>Rechtstr\u00e4gerdaten<\/td><td>Statuten, Beistatuten, Zertifikate, Mandatsvertr\u00e4ge, Zeichnungsberechtigungen<\/td><td><\/td><\/tr><tr><td>Steuermeldedaten<\/td><td>FACTA-, AIA-, LDF_Meldungen<\/td><td><\/td><\/tr><\/tbody><\/table><\/figure>\n\n\n\n<h4>Rechtsgrundlage<\/h4>\n\n\n\n<p>Die oben genannten Daten werden<\/p>\n\n\n\n<ul><li>auf Grundlage der vertraglichen Beziehung mit unseren Mandanten (Art.&nbsp;6 Abs.&nbsp;1 Bst.&nbsp;b DSGVO)<\/li><li> zur Erf\u00fcllung einer rechtlichen Verpflichtung (Art. 6 Abs. 1 Bst. c DSGVO) <\/li><li> in Wahrnehmung einer Aufgabe im \u00f6ffentlichen Interesse oder in Aus\u00fcbung \u00f6ffentlicher Gewalt (Art.&nbsp;6 Abs.&nbsp;1 Bst.&nbsp;e DSGVO)<\/li><li> oder zur Wahrung berechtigter Interessen des Verantwortlichen oder Dritter (Art.&nbsp;6 Abs.&nbsp;1 Bst.&nbsp;f DSGVO) verarbeitet<\/li><\/ul>\n\n\n\n<p>Verarbeitungst\u00e4tigkeiten aufgrund unseres berechtigten Interesses k\u00f6nnen sein:<\/p>\n\n\n\n<ul><li>Verarbeitung f\u00fcr interne Verwaltungszwecke<\/li><li>Auswertungen<\/li><li>Abwehr unberechtigter Anspr\u00fcche<\/li><\/ul>\n\n\n\n<h4><strong>Empf\u00e4nger personenbezogener Daten<\/strong><\/h4>\n\n\n\n<p>Personenbezogene Daten von Klienten werden von uns ausschliesslich zur Erf\u00fcllung unserer vertraglichen, gesetzlichen und aufsichtsrechtlichen Pflichten zu den oben angef\u00fchrten Zwecken verarbeitet.<br><br>Dazu k\u00f6nnen folgende Stellen personenbezogene Daten erhalten:<\/p>\n\n\n\n<ul><li>Unternehmen innerhalb unserer Unternehmensgruppe f\u00fcr interne Verwaltungszwecke<\/li><li> externe Dienstleister und Stellen: <ul><li>Banken<\/li><li>Verm\u00f6gensverwalter<\/li><li>Versicherungen<\/li><li>Rechtsanw\u00e4lte<\/li><li>Revisoren<\/li><li>Lieferanten<\/li><li>H\u00e4ndler<\/li><li>Transportunternehmen<\/li><li>Subunternehmer<\/li><li>sonstige Kooperationspartner<\/li><li>Verb\u00e4nde<\/li><li>Einrichtungen \u00f6ffentlichen Interesses im Inland wie auch im Ausland<\/li><\/ul><\/li><\/ul>\n\n\n\n<p>Sind von uns gesetzliche oder aufsichtsrechtliche Pflichten zu erf\u00fcllen, k\u00f6nnen insbesondere folgende Stellen personenbezogene Daten erhalten:<\/p>\n\n\n\n<ul><li>Amtsstellen und \u00f6ffentliche Stellen (z.B. Aufsichtsbeh\u00f6rden, Gerichte)<\/li><li>Steuerbeh\u00f6rden (u.a. im Rahmen des Automatischen Informationsaustausches [AIA, FATCA])<\/li><li> Beh\u00f6rden von Drittl\u00e4ndern oder internationale Organisationen <\/li><\/ul>\n\n\n\n<h4>Weiterleitung an Drittl\u00e4nder oder internationale Organisationen<\/h4>\n\n\n\n<p>Wenn wir personenbezogene Daten von Klienten in\nein anderes Land \u00fcbertragen, so werden sie gem\u00e4ss den gesetzlichen Bestimmungen\ngesch\u00fctzt und \u00fcbertragen. Eine \u00dcbertragung von Daten ausserhalb des\nEurop\u00e4ischen Wirtschaftsraums erfolgt mit den folgenden Garantien:<\/p>\n\n\n\n<ul><li> das Land, in das wir personenbezogenen Daten senden, bietet laut der Europ\u00e4ischen Kommission ein angemessenes Schutzniveau f\u00fcr personenbezogene Daten<\/li><li>der Empf\u00e4nger hat einen Vertrag basierend auf von der Europ\u00e4ischen Kommission best\u00e4tigten \u201eMustervertragsklauseln\u201c unterzeichnet, die ihn zum Schutz der personenbezogenen Daten verpflichten<\/li><li> wenn sich der Empf\u00e4nger in den USA befindet, ist er ein zertifiziertes Mitglied des EU-US-Datenschutzschilds<\/li><\/ul>\n\n\n\n<p>Weitere Informationen zum Schutz der personenbezogenen\nDaten bei einer \u00dcbertragung ausserhalb des Europ\u00e4ischen Wirtschaftsraums\nstellen wir auf Nachfrage gerne zur Verf\u00fcgung.<\/p>\n\n\n\n<h4>Herkunft der Daten<\/h4>\n\n\n\n<p>Die Daten werden direkt (etwa bei Besprechungen oder im Rahmen von Korrespondenz mit Klienten; interne Hintergrund- und Sorgfaltspflichtabkl\u00e4rungen) und teilweise durch dritte Dienstleister&nbsp; erhoben.<br><br>Dritte Dienstleister k\u00f6nnen sein:<\/p>\n\n\n\n<ul><li>Banken<\/li><li>Verm\u00f6gensverwalter<\/li><li>Revisoren<\/li><\/ul>\n\n\n\n<h4>Speicherfrist<\/h4>\n\n\n\n<p>Die personenbezogenen Daten\nwerden w\u00e4hrend der aufrechten Gesch\u00e4ftsbeziehung im Rahmen der gesetzlichen\nBestimmungen verarbeitet und gespeichert. Nach Beendigung der Gesch\u00e4ftsbeziehung\nwerden diese Daten auf Grund gesetzlicher Bestimmungen (PGR, SPG, ABGB) f\u00fcr 10\nJahre aufbewahrt. Eine l\u00e4ngere Aufbewahrung der Daten erfolgt ausschliesslich\nauf der Grundlage gesetzlicher oder vertraglicher Aufbewahrungspflichten oder\naus Beweiszwecken innerhalb der Verj\u00e4hrungsvorschriften.<\/p>\n\n\n\n<h4><strong>Automatisierte Entscheidungsfindung (Art. 22 DSGVO)<\/strong><\/h4>\n\n\n\n<p>Es findet keine automatisierte Entscheidungsfindung\nmit den personenbezogenen Daten von Klienten statt. Sollten derartige Verfahren\nim Einzelfall eingesetzt werden, informieren wir die Klienten im gesetzlich\nvorgesehenen Umfang.<\/p>\n\n\n\n<h4><strong>Erforderlichkeit der Daten (Art. 13 Abs. 2 Bst. e DSGVO)<\/strong><\/h4>\n\n\n\n<p>Um den Klienten unsere\nDienstleistungen in dem von ihnen gew\u00fcnschten Umfang und unter Einhaltung der\ngesetzlichen Pflichten anbieten zu k\u00f6nnen, ben\u00f6tigen wir zwingend die unter Ziffer&nbsp;2\nangef\u00fchrten Daten. Eine Nichtbereitstellung f\u00fchrt neben allf\u00e4lligen\ngesetzlichen Meldepflichten an die zust\u00e4ndigen Aufsichtsbeh\u00f6rden zu einer\nNichtbegr\u00fcndung oder Beendigung der Gesch\u00e4ftsbeziehung.<\/p>\n\n\n\n<h3>Datensicherheit<\/h3>\n\n\n\n<p>\nWir verwenden innerhalb des Website-Besuchs das verbreitete \nSSL-Verfahren in Verbindung mit der jeweils h\u00f6chsten \nVerschl\u00fcsselungsstufe, die von Ihrem Browser unterst\u00fctzt wird. Ob eine \neinzelne Seite unseres Internetauftrittes verschl\u00fcsselt \u00fcbertragen wird,\n erkennen Sie an der geschlossenen Darstellung des Schl\u00fcssel- \nbeziehungsweise Schloss-Symbols in der Adressleiste Ihres Browsers. \nDar\u00fcber hinaus wenden wir weitere geeignete technische und \norganisatorische Sicherheitsmassnahmen an, um Ihre Daten gegen zuf\u00e4llige\n oder vors\u00e4tzliche Manipulationen, teilweisen oder vollst\u00e4ndigen \nVerlust, Zerst\u00f6rung oder gegen den unbefugten Zugriff Dritter zu \nsch\u00fctzen. Unsere Sicherheitsmassnahmen werden entsprechend der \ntechnologischen Entwicklung fortlaufend verbessert.\n\n<\/p>\n\n\n\n<p><\/p>\n","protected":false},"excerpt":{"rendered":"<p>Allgemeines zur Datenverarbeitung Umfang der Verarbeitung personenbezogener Daten Unsere Verarbeitung personenbezogener Daten unserer Nutzer beschr\u00e4nkt sich auf jene Daten, die zur Bereitstellung einer funktionsf\u00e4higen Internetseite sowie unserer Inhalte und Leistungen erforderlich sind. Die Verarbeitung personenbezogener Daten unserer Nutzer erfolgt nur zu den mit ihnen vereinbarten Zwecken oder wenn eine sonstige rechtliche Grundlage (im Sinn der &hellip; <\/p>\n<p class=\"link-more\"><a href=\"https:\/\/apemig.li\/?page_id=43\" class=\"more-link\"><span class=\"screen-reader-text\">\u201eDatenschutzerkl\u00e4rung f\u00fcr Klienten\u201c<\/span> weiterlesen<\/a><\/p>\n","protected":false},"author":1,"featured_media":0,"parent":0,"menu_order":0,"comment_status":"closed","ping_status":"closed","template":"","meta":[],"_links":{"self":[{"href":"https:\/\/apemig.li\/index.php?rest_route=\/wp\/v2\/pages\/43"}],"collection":[{"href":"https:\/\/apemig.li\/index.php?rest_route=\/wp\/v2\/pages"}],"about":[{"href":"https:\/\/apemig.li\/index.php?rest_route=\/wp\/v2\/types\/page"}],"author":[{"embeddable":true,"href":"https:\/\/apemig.li\/index.php?rest_route=\/wp\/v2\/users\/1"}],"replies":[{"embeddable":true,"href":"https:\/\/apemig.li\/index.php?rest_route=%2Fwp%2Fv2%2Fcomments&post=43"}],"version-history":[{"count":6,"href":"https:\/\/apemig.li\/index.php?rest_route=\/wp\/v2\/pages\/43\/revisions"}],"predecessor-version":[{"id":64,"href":"https:\/\/apemig.li\/index.php?rest_route=\/wp\/v2\/pages\/43\/revisions\/64"}],"wp:attachment":[{"href":"https:\/\/apemig.li\/index.php?rest_route=%2Fwp%2Fv2%2Fmedia&parent=43"}],"curies":[{"name":"wp","href":"https:\/\/api.w.org\/{rel}","templated":true}]}}