{"id":46,"date":"2019-08-01T12:19:42","date_gmt":"2019-08-01T10:19:42","guid":{"rendered":"https:\/\/apemig.li\/?page_id=46"},"modified":"2019-11-19T09:35:20","modified_gmt":"2019-11-19T07:35:20","slug":"datenschutzerklaerung-fuer-stellenbewerber","status":"publish","type":"page","link":"https:\/\/apemig.li\/?page_id=46","title":{"rendered":"Datenschutzerkl\u00e4rung f\u00fcr Stellenbewerber"},"content":{"rendered":"\n<h3>Allgemeines zur Datenverarbeitung<\/h3>\n\n\n\n<h4><strong>Umfang der Verarbeitung personenbezogener Daten<\/strong><\/h4>\n\n\n\n<p>\nUnsere Verarbeitung personenbezogener Daten unserer Nutzer beschr\u00e4nkt \nsich auf jene Daten, die zur Bereitstellung einer funktionsf\u00e4higen \nInternetseite sowie unserer Inhalte und Leistungen erforderlich sind. \nDie Verarbeitung personenbezogener Daten unserer Nutzer erfolgt nur zu \nden mit ihnen vereinbarten Zwecken oder wenn eine sonstige rechtliche \nGrundlage (im Sinn der DSGVO) vorliegt. Es werden nur solche \npersonenbezogenen Daten erhoben, die f\u00fcr die Durchf\u00fchrung und Abwicklung\n unserer Aufgaben und Leistungen tats\u00e4chlich erforderlich sind oder die \nSie uns freiwillig zur Verf\u00fcgung gestellt haben.\n\n<\/p>\n\n\n\n<h4><strong>Ihre Rechte (Betroffenenrechte)<\/strong><\/h4>\n\n\n\n<p>\nSie haben das Recht, Auskunft \u00fcber Ihre von uns verarbeiteten \npersonenbezogenen Daten zu verlangen. Insbesondere k\u00f6nnen Sie Auskunft \n\u00fcber die Verarbeitungszwecke, die Kategorien der personenbezogenen \nDaten, die Kategorien von Empf\u00e4ngern, gegen\u00fcber denen Ihre Daten \noffengelegt wurden oder werden, die geplante Speicherdauer, das Bestehen\n eines Rechts auf Berichtigung, L\u00f6schung, Einschr\u00e4nkung der Verarbeitung\n oder Widerspruch, Daten\u00fcbertragung (sofern im Fall der Daten\u00fcbertragung\n nicht ein unverh\u00e4ltnism\u00e4ssiger Aufwand verursacht wird), die Herkunft \nIhrer Daten, sofern diese nicht bei uns erhoben wurden, sowie \u00fcber das \nBestehen einer automatisierten Entscheidungsfindung einschliesslich \nProfiling verlangen. Sie haben auch das Recht, eine allenfalls erteilte \nEinwilligung zur Nutzung Ihrer personenbezogenen Daten jederzeit zu \nwiderrufen. Sofern Sie der Auffassung sind, dass die Verarbeitung Ihrer \npersonenbezogenen Daten durch uns im Widerspruch zu den geltenden \nDatenschutzbestimmungen steht, haben Sie die M\u00f6glichkeit, sich bei der \nDatenschutzstelle zu beschweren.\n\n<\/p>\n\n\n\n<h3>Beschreibung und Umfang der Datenverarbeitung<\/h3>\n\n\n\n<h4>Datenerhebung bei Stellenbewerbern<\/h4>\n\n\n\n<p>Wir informieren Sie hiermit, dass\nwir mit dem Erhalt Ihrer Bewerbungsunterlagen pers\u00f6nliche Daten wie Name,\nTitel, Adresse, Telefonnummer, Geburtsdatum, Ausbildung, Berufserfahrung,\nGehaltsvorstellung und jene Daten und Bilder, die etwa im Anschreiben, im\nLebenslauf, im Motivationsschreiben, in den Zeugnissen oder anderen an uns\ngesendeten Dokumente und Nachweisen enthalten sind, zum Zweck unserer\nPersonalselektion verarbeiten.<\/p>\n\n\n\n<h4>Rechtsgrundlage<\/h4>\n\n\n\n<p>Die Verarbeitung Ihrer Daten im\nRahmen des Bewerbungsprozesses beruht auf \u00a7 1173a Art. 28a ABGB sowie auf Art.\n6 Abs. 1 Bst. b DSGVO. Wenn ein Bewerber f\u00fcr eine m\u00f6gliche sp\u00e4tere\nZusammenarbeit in einen Bewerberpool aufgenommen werden m\u00f6chte, ben\u00f6tigen wir\ndaf\u00fcr die Einwilligung gem\u00e4ss Art.&nbsp;6 Abs.&nbsp;1 Bst. a DSGVO.<\/p>\n\n\n\n<h4>Weitergabe der Daten<\/h4>\n\n\n\n<p> Ihre Daten werden ohne Ihre Einwilligung nicht an Dritte weitergegeben. Es findet auch keine automatisierte Entscheidungsfindung nach Art. 22 DSGVO statt.<\/p>\n\n\n\n<h4>Dauer<\/h4>\n\n\n\n<p>Erfolgt keine Anstellung, l\u00f6schen wir Ihre Daten binnen 6 Monaten, um\nf\u00fcr allf\u00e4llige Rechtsverfahren dokumentiert zu sein.<\/p>\n\n\n\n<h3>Datensicherheit<\/h3>\n\n\n\n<p>\nWir verwenden innerhalb des Website-Besuchs das verbreitete \nSSL-Verfahren in Verbindung mit der jeweils h\u00f6chsten \nVerschl\u00fcsselungsstufe, die von Ihrem Browser unterst\u00fctzt wird. Ob eine \neinzelne Seite unseres Internetauftrittes verschl\u00fcsselt \u00fcbertragen wird,\n erkennen Sie an der geschlossenen Darstellung des Schl\u00fcssel- \nbeziehungsweise Schloss-Symbols in der Adressleiste Ihres Browsers. \nDar\u00fcber hinaus wenden wir weitere geeignete technische und \norganisatorische Sicherheitsmassnahmen an, um Ihre Daten gegen zuf\u00e4llige\n oder vors\u00e4tzliche Manipulationen, teilweisen oder vollst\u00e4ndigen \nVerlust, Zerst\u00f6rung oder gegen den unbefugten Zugriff Dritter zu \nsch\u00fctzen. Unsere Sicherheitsmassnahmen werden entsprechend der \ntechnologischen Entwicklung fortlaufend verbessert.\n\n<\/p>\n","protected":false},"excerpt":{"rendered":"<p>Allgemeines zur Datenverarbeitung Umfang der Verarbeitung personenbezogener Daten Unsere Verarbeitung personenbezogener Daten unserer Nutzer beschr\u00e4nkt sich auf jene Daten, die zur Bereitstellung einer funktionsf\u00e4higen Internetseite sowie unserer Inhalte und Leistungen erforderlich sind. Die Verarbeitung personenbezogener Daten unserer Nutzer erfolgt nur zu den mit ihnen vereinbarten Zwecken oder wenn eine sonstige rechtliche Grundlage (im Sinn der &hellip; <\/p>\n<p class=\"link-more\"><a href=\"https:\/\/apemig.li\/?page_id=46\" class=\"more-link\"><span class=\"screen-reader-text\">\u201eDatenschutzerkl\u00e4rung f\u00fcr Stellenbewerber\u201c<\/span> weiterlesen<\/a><\/p>\n","protected":false},"author":1,"featured_media":0,"parent":0,"menu_order":0,"comment_status":"closed","ping_status":"closed","template":"","meta":[],"_links":{"self":[{"href":"https:\/\/apemig.li\/index.php?rest_route=\/wp\/v2\/pages\/46"}],"collection":[{"href":"https:\/\/apemig.li\/index.php?rest_route=\/wp\/v2\/pages"}],"about":[{"href":"https:\/\/apemig.li\/index.php?rest_route=\/wp\/v2\/types\/page"}],"author":[{"embeddable":true,"href":"https:\/\/apemig.li\/index.php?rest_route=\/wp\/v2\/users\/1"}],"replies":[{"embeddable":true,"href":"https:\/\/apemig.li\/index.php?rest_route=%2Fwp%2Fv2%2Fcomments&post=46"}],"version-history":[{"count":2,"href":"https:\/\/apemig.li\/index.php?rest_route=\/wp\/v2\/pages\/46\/revisions"}],"predecessor-version":[{"id":65,"href":"https:\/\/apemig.li\/index.php?rest_route=\/wp\/v2\/pages\/46\/revisions\/65"}],"wp:attachment":[{"href":"https:\/\/apemig.li\/index.php?rest_route=%2Fwp%2Fv2%2Fmedia&parent=46"}],"curies":[{"name":"wp","href":"https:\/\/api.w.org\/{rel}","templated":true}]}}